{"id":3372,"date":"2022-06-20T11:16:23","date_gmt":"2022-06-20T09:16:23","guid":{"rendered":"https:\/\/www.mydost.ai\/?page_id=3372"},"modified":"2022-09-06T10:21:09","modified_gmt":"2022-09-06T08:21:09","slug":"guias","status":"publish","type":"page","link":"https:\/\/www.mydost.ai\/en\/resources\/guides\/","title":{"rendered":"Guides"},"content":{"rendered":"<div data-elementor-type=\"wp-page\" data-elementor-id=\"3372\" class=\"elementor elementor-3372\">\n\t\t\t\t\t\t\t\t\t<section class=\"has_eae_slider elementor-section elementor-top-section elementor-element elementor-element-2a04a26 elementor-section-boxed elementor-section-height-default elementor-section-height-default\" data-id=\"2a04a26\" data-element_type=\"section\">\n\t\t\t\t\t\t<div class=\"elementor-container elementor-column-gap-default\">\n\t\t\t\t\t<div class=\"has_eae_slider elementor-column elementor-col-100 elementor-top-column elementor-element elementor-element-2dbae0d\" data-id=\"2dbae0d\" data-element_type=\"column\">\n\t\t\t<div class=\"elementor-widget-wrap elementor-element-populated\">\n\t\t\t\t\t\t\t\t<div class=\"elementor-element elementor-element-b407a0f elementor-widget elementor-widget-spacer\" data-id=\"b407a0f\" data-element_type=\"widget\" data-widget_type=\"spacer.default\">\n\t\t\t\t<div class=\"elementor-widget-container\">\n\t\t\t<style>\/*! elementor - v3.11.2 - 22-02-2023 *\/\n.elementor-column .elementor-spacer-inner{height:var(--spacer-size)}.e-con{--container-widget-width:100%}.e-con-inner>.elementor-widget-spacer,.e-con>.elementor-widget-spacer{width:var(--container-widget-width,var(--spacer-size));--align-self:var(--container-widget-align-self,initial);--flex-shrink:0}.e-con-inner>.elementor-widget-spacer>.elementor-widget-container,.e-con-inner>.elementor-widget-spacer>.elementor-widget-container>.elementor-spacer,.e-con>.elementor-widget-spacer>.elementor-widget-container,.e-con>.elementor-widget-spacer>.elementor-widget-container>.elementor-spacer{height:100%}.e-con-inner>.elementor-widget-spacer>.elementor-widget-container>.elementor-spacer>.elementor-spacer-inner,.e-con>.elementor-widget-spacer>.elementor-widget-container>.elementor-spacer>.elementor-spacer-inner{height:var(--container-widget-height,var(--spacer-size))}<\/style>\t\t<div class=\"elementor-spacer\">\n\t\t\t<div class=\"elementor-spacer-inner\"><\/div>\n\t\t<\/div>\n\t\t\t\t<\/div>\n\t\t\t\t<\/div>\n\t\t\t\t<div class=\"elementor-element elementor-element-364f28b elementor-widget elementor-widget-heading\" data-id=\"364f28b\" data-element_type=\"widget\" data-widget_type=\"heading.default\">\n\t\t\t\t<div class=\"elementor-widget-container\">\n\t\t\t<style>\/*! elementor - v3.11.2 - 22-02-2023 *\/\n.elementor-heading-title{padding:0;margin:0;line-height:1}.elementor-widget-heading .elementor-heading-title[class*=elementor-size-]>a{color:inherit;font-size:inherit;line-height:inherit}.elementor-widget-heading .elementor-heading-title.elementor-size-small{font-size:15px}.elementor-widget-heading .elementor-heading-title.elementor-size-medium{font-size:19px}.elementor-widget-heading .elementor-heading-title.elementor-size-large{font-size:29px}.elementor-widget-heading .elementor-heading-title.elementor-size-xl{font-size:39px}.elementor-widget-heading .elementor-heading-title.elementor-size-xxl{font-size:59px}<\/style><h1 class=\"elementor-heading-title elementor-size-default\">Guides<\/h1>\t\t<\/div>\n\t\t\t\t<\/div>\n\t\t\t\t<div class=\"elementor-element elementor-element-68a9905 elementor-widget elementor-widget-spacer\" data-id=\"68a9905\" data-element_type=\"widget\" data-widget_type=\"spacer.default\">\n\t\t\t\t<div class=\"elementor-widget-container\">\n\t\t\t\t\t<div class=\"elementor-spacer\">\n\t\t\t<div class=\"elementor-spacer-inner\"><\/div>\n\t\t<\/div>\n\t\t\t\t<\/div>\n\t\t\t\t<\/div>\n\t\t\t\t\t<\/div>\n\t\t<\/div>\n\t\t\t\t\t\t\t<\/div>\n\t\t<\/section>\n\t\t\t\t<section class=\"has_eae_slider elementor-section elementor-top-section elementor-element elementor-element-c12c062 elementor-section-boxed elementor-section-height-default elementor-section-height-default\" data-id=\"c12c062\" data-element_type=\"section\">\n\t\t\t\t\t\t<div class=\"elementor-container elementor-column-gap-default\">\n\t\t\t\t\t<div class=\"has_eae_slider elementor-column elementor-col-100 elementor-top-column elementor-element elementor-element-74036d3\" data-id=\"74036d3\" data-element_type=\"column\">\n\t\t\t<div class=\"elementor-widget-wrap elementor-element-populated\">\n\t\t\t\t\t\t\t\t<div class=\"elementor-element elementor-element-99407d5 elementor-grid-3 elementor-grid-tablet-2 elementor-grid-mobile-1 elementor-posts--thumbnail-top elementor-card-shadow-yes elementor-posts__hover-gradient elementor-widget elementor-widget-posts\" data-id=\"99407d5\" data-element_type=\"widget\" data-settings=\"{&quot;cards_columns&quot;:&quot;3&quot;,&quot;cards_columns_tablet&quot;:&quot;2&quot;,&quot;cards_columns_mobile&quot;:&quot;1&quot;,&quot;cards_row_gap&quot;:{&quot;unit&quot;:&quot;px&quot;,&quot;size&quot;:35,&quot;sizes&quot;:[]},&quot;cards_row_gap_tablet&quot;:{&quot;unit&quot;:&quot;px&quot;,&quot;size&quot;:&quot;&quot;,&quot;sizes&quot;:[]},&quot;cards_row_gap_mobile&quot;:{&quot;unit&quot;:&quot;px&quot;,&quot;size&quot;:&quot;&quot;,&quot;sizes&quot;:[]}}\" data-widget_type=\"posts.cards\">\n\t\t\t\t<div class=\"elementor-widget-container\">\n\t\t\t<link rel=\"stylesheet\" href=\"https:\/\/mydost.typedream.app\/wp-content\/plugins\/elementor-pro\/assets\/css\/widget-posts.min.css\">\t\t<div class=\"elementor-posts-container elementor-posts elementor-posts--skin-cards elementor-grid\">\n\t\t\t\t<article class=\"elementor-post elementor-grid-item post-5405 post type-post status-publish format-standard has-post-thumbnail hentry category-guia tag-ai tag-ocr tag-software tag-startup\">\n\t\t\t<div class=\"elementor-post__card\">\n\t\t\t\t<a class=\"elementor-post__thumbnail__link\" href=\"https:\/\/www.mydost.ai\/en\/impacto-de-la-digitalizacion-en-las-empresas\/\" ><div class=\"elementor-post__thumbnail\"><img loading=\"lazy\" decoding=\"async\" width=\"768\" height=\"512\" src=\"https:\/\/mydost.typedream.app\/wp-content\/uploads\/2022\/09\/Portada-Ebook-3-768x512.jpg\" class=\"attachment-medium_large size-medium_large wp-image-5407 not-transparent\" alt=\"\" srcset=\"https:\/\/mydost.typedream.app\/wp-content\/uploads\/2022\/09\/Portada-Ebook-3-768x512.jpg 768w, https:\/\/mydost.typedream.app\/wp-content\/uploads\/2022\/09\/Portada-Ebook-3-300x200.jpg 300w, https:\/\/mydost.typedream.app\/wp-content\/uploads\/2022\/09\/Portada-Ebook-3-1024x683.jpg 1024w, https:\/\/mydost.typedream.app\/wp-content\/uploads\/2022\/09\/Portada-Ebook-3-1536x1024.jpg 1536w, https:\/\/mydost.typedream.app\/wp-content\/uploads\/2022\/09\/Portada-Ebook-3-2048x1365.jpg 2048w, https:\/\/mydost.typedream.app\/wp-content\/uploads\/2022\/09\/Portada-Ebook-3-18x12.jpg 18w\" sizes=\"auto, (max-width: 768px) 100vw, 768px\" data-has-transparency=\"false\" data-dominant-color=\"cbccce\" style=\"--dominant-color: #cbccce;\" \/><\/div><\/a>\n\t\t\t\t<div class=\"elementor-post__badge\">Guide<\/div>\n\t\t\t\t<div class=\"elementor-post__text\">\n\t\t\t\t<h3 class=\"elementor-post__title\">\n\t\t\t<a href=\"https:\/\/www.mydost.ai\/en\/impacto-de-la-digitalizacion-en-las-empresas\/\" >\n\t\t\t\tImpact of Digitalization on Businesses\t\t\t<\/a>\n\t\t<\/h3>\n\t\t\t\t<div class=\"elementor-post__excerpt\">\n\t\t\t<p>What is digitization? By definition, digitization is the process of converting something from analog to digital form.<\/p>\n\t\t<\/div>\n\t\t\t\t\t<a class=\"elementor-post__read-more\" href=\"https:\/\/www.mydost.ai\/en\/impacto-de-la-digitalizacion-en-las-empresas\/\" >\n\t\t\t\tRead more\t\t\t<\/a>\n\t\t\t\t<\/div>\n\t\t\t\t\t<\/div>\n\t\t<\/article>\n\t\t\t\t<article class=\"elementor-post elementor-grid-item post-4941 post type-post status-publish format-standard has-post-thumbnail hentry category-guia tag-ai tag-automation-process tag-software\">\n\t\t\t<div class=\"elementor-post__card\">\n\t\t\t\t<a class=\"elementor-post__thumbnail__link\" href=\"https:\/\/www.mydost.ai\/en\/como-usar-la-inteligencia-artificial-para-escalar-tu-negocio\/\" ><div class=\"elementor-post__thumbnail\"><img loading=\"lazy\" decoding=\"async\" width=\"768\" height=\"576\" src=\"https:\/\/mydost.typedream.app\/wp-content\/uploads\/2022\/07\/Ebook_Cover_Scale-Business-768x576.png\" class=\"attachment-medium_large size-medium_large wp-image-4943\" alt=\"\" srcset=\"https:\/\/mydost.typedream.app\/wp-content\/uploads\/2022\/07\/Ebook_Cover_Scale-Business-768x576.png 768w, https:\/\/mydost.typedream.app\/wp-content\/uploads\/2022\/07\/Ebook_Cover_Scale-Business-300x225.png 300w, https:\/\/mydost.typedream.app\/wp-content\/uploads\/2022\/07\/Ebook_Cover_Scale-Business-1024x768.png 1024w, https:\/\/mydost.typedream.app\/wp-content\/uploads\/2022\/07\/Ebook_Cover_Scale-Business-1536x1152.png 1536w, https:\/\/mydost.typedream.app\/wp-content\/uploads\/2022\/07\/Ebook_Cover_Scale-Business-2048x1536.png 2048w, https:\/\/mydost.typedream.app\/wp-content\/uploads\/2022\/07\/Ebook_Cover_Scale-Business-16x12.png 16w\" sizes=\"auto, (max-width: 768px) 100vw, 768px\" \/><\/div><\/a>\n\t\t\t\t<div class=\"elementor-post__badge\">Guide<\/div>\n\t\t\t\t<div class=\"elementor-post__text\">\n\t\t\t\t<h3 class=\"elementor-post__title\">\n\t\t\t<a href=\"https:\/\/www.mydost.ai\/en\/como-usar-la-inteligencia-artificial-para-escalar-tu-negocio\/\" >\n\t\t\t\tHow to use Artificial Intelligence to scale your business\t\t\t<\/a>\n\t\t<\/h3>\n\t\t\t\t<div class=\"elementor-post__excerpt\">\n\t\t\t<p>Where is Artificial Intelligence used? AI can help solve business problems and expand businesses<\/p>\n\t\t<\/div>\n\t\t\t\t\t<a class=\"elementor-post__read-more\" href=\"https:\/\/www.mydost.ai\/en\/como-usar-la-inteligencia-artificial-para-escalar-tu-negocio\/\" >\n\t\t\t\tRead more\t\t\t<\/a>\n\t\t\t\t<\/div>\n\t\t\t\t\t<\/div>\n\t\t<\/article>\n\t\t\t\t<article class=\"elementor-post elementor-grid-item post-3936 post type-post status-publish format-standard has-post-thumbnail hentry category-guia\">\n\t\t\t<div class=\"elementor-post__card\">\n\t\t\t\t<a class=\"elementor-post__thumbnail__link\" href=\"https:\/\/www.mydost.ai\/en\/whitepaper-de-dost\/\" ><div class=\"elementor-post__thumbnail\"><img loading=\"lazy\" decoding=\"async\" width=\"768\" height=\"576\" src=\"https:\/\/mydost.typedream.app\/wp-content\/uploads\/2022\/07\/Mock-up-Whitepaper-768x576-1.png\" class=\"attachment-medium_large size-medium_large wp-image-3937\" alt=\"\" srcset=\"https:\/\/mydost.typedream.app\/wp-content\/uploads\/2022\/07\/Mock-up-Whitepaper-768x576-1.png 768w, https:\/\/mydost.typedream.app\/wp-content\/uploads\/2022\/07\/Mock-up-Whitepaper-768x576-1-300x225.png 300w, https:\/\/mydost.typedream.app\/wp-content\/uploads\/2022\/07\/Mock-up-Whitepaper-768x576-1-16x12.png 16w\" sizes=\"auto, (max-width: 768px) 100vw, 768px\" \/><\/div><\/a>\n\t\t\t\t<div class=\"elementor-post__badge\">Guide<\/div>\n\t\t\t\t<div class=\"elementor-post__text\">\n\t\t\t\t<h3 class=\"elementor-post__title\">\n\t\t\t<a href=\"https:\/\/www.mydost.ai\/en\/whitepaper-de-dost\/\" >\n\t\t\t\tDost Whitepaper\t\t\t<\/a>\n\t\t<\/h3>\n\t\t\t\t<div class=\"elementor-post__excerpt\">\n\t\t\t<p>Introduction Intelligent automation to process vendor invoices for any size business. Our digital worker will help you save<\/p>\n\t\t<\/div>\n\t\t\t\t\t<a class=\"elementor-post__read-more\" href=\"https:\/\/www.mydost.ai\/en\/whitepaper-de-dost\/\" >\n\t\t\t\tRead more\t\t\t<\/a>\n\t\t\t\t<\/div>\n\t\t\t\t\t<\/div>\n\t\t<\/article>\n\t\t\t\t<article class=\"elementor-post elementor-grid-item post-3933 post type-post status-publish format-standard has-post-thumbnail hentry category-guia\">\n\t\t\t<div class=\"elementor-post__card\">\n\t\t\t\t<a class=\"elementor-post__thumbnail__link\" href=\"https:\/\/www.mydost.ai\/en\/guia-de-automatizacion-de-procesos-en-empresas\/\" ><div class=\"elementor-post__thumbnail\"><img loading=\"lazy\" decoding=\"async\" width=\"768\" height=\"576\" src=\"https:\/\/mydost.typedream.app\/wp-content\/uploads\/2022\/07\/Mockup-Talentfy-1024x768-1-768x576.png\" class=\"attachment-medium_large size-medium_large wp-image-3935\" alt=\"\" srcset=\"https:\/\/mydost.typedream.app\/wp-content\/uploads\/2022\/07\/Mockup-Talentfy-1024x768-1-768x576.png 768w, https:\/\/mydost.typedream.app\/wp-content\/uploads\/2022\/07\/Mockup-Talentfy-1024x768-1-300x225.png 300w, https:\/\/mydost.typedream.app\/wp-content\/uploads\/2022\/07\/Mockup-Talentfy-1024x768-1-16x12.png 16w, https:\/\/mydost.typedream.app\/wp-content\/uploads\/2022\/07\/Mockup-Talentfy-1024x768-1.png 1024w\" sizes=\"auto, (max-width: 768px) 100vw, 768px\" \/><\/div><\/a>\n\t\t\t\t<div class=\"elementor-post__badge\">Guide<\/div>\n\t\t\t\t<div class=\"elementor-post__text\">\n\t\t\t\t<h3 class=\"elementor-post__title\">\n\t\t\t<a href=\"https:\/\/www.mydost.ai\/en\/guia-de-automatizacion-de-procesos-en-empresas\/\" >\n\t\t\t\tGuide to process automation in companies\t\t\t<\/a>\n\t\t<\/h3>\n\t\t\t\t<div class=\"elementor-post__excerpt\">\n\t\t\t<p>Introduction In recent years, organizations have been working on the automation of processes that allow them to use technology in the following areas<\/p>\n\t\t<\/div>\n\t\t\t\t\t<a class=\"elementor-post__read-more\" href=\"https:\/\/www.mydost.ai\/en\/guia-de-automatizacion-de-procesos-en-empresas\/\" >\n\t\t\t\tRead more\t\t\t<\/a>\n\t\t\t\t<\/div>\n\t\t\t\t\t<\/div>\n\t\t<\/article>\n\t\t\t\t<article class=\"elementor-post elementor-grid-item post-3930 post type-post status-publish format-standard has-post-thumbnail hentry category-guia\">\n\t\t\t<div class=\"elementor-post__card\">\n\t\t\t\t<a class=\"elementor-post__thumbnail__link\" href=\"https:\/\/www.mydost.ai\/en\/guia-4-motivos-por-los-que-automatizar-procesos-en-tu-empresa\/\" ><div class=\"elementor-post__thumbnail\"><img loading=\"lazy\" decoding=\"async\" width=\"768\" height=\"439\" src=\"https:\/\/mydost.typedream.app\/wp-content\/uploads\/2022\/07\/Guia-mockup-1024x585-1-768x439.png\" class=\"attachment-medium_large size-medium_large wp-image-3931\" alt=\"\" srcset=\"https:\/\/mydost.typedream.app\/wp-content\/uploads\/2022\/07\/Guia-mockup-1024x585-1-768x439.png 768w, https:\/\/mydost.typedream.app\/wp-content\/uploads\/2022\/07\/Guia-mockup-1024x585-1-300x171.png 300w, https:\/\/mydost.typedream.app\/wp-content\/uploads\/2022\/07\/Guia-mockup-1024x585-1-18x10.png 18w, https:\/\/mydost.typedream.app\/wp-content\/uploads\/2022\/07\/Guia-mockup-1024x585-1.png 1024w\" sizes=\"auto, (max-width: 768px) 100vw, 768px\" \/><\/div><\/a>\n\t\t\t\t<div class=\"elementor-post__badge\">Guide<\/div>\n\t\t\t\t<div class=\"elementor-post__text\">\n\t\t\t\t<h3 class=\"elementor-post__title\">\n\t\t\t<a href=\"https:\/\/www.mydost.ai\/en\/guia-4-motivos-por-los-que-automatizar-procesos-en-tu-empresa\/\" >\n\t\t\t\tGuide 4 reasons why automate processes in your company\t\t\t<\/a>\n\t\t<\/h3>\n\t\t\t\t<div class=\"elementor-post__excerpt\">\n\t\t\t<p>Save time and money Save time and invest it in innovative activities For years, companies have been working on the<\/p>\n\t\t<\/div>\n\t\t\t\t\t<a class=\"elementor-post__read-more\" href=\"https:\/\/www.mydost.ai\/en\/guia-4-motivos-por-los-que-automatizar-procesos-en-tu-empresa\/\" >\n\t\t\t\tRead more\t\t\t<\/a>\n\t\t\t\t<\/div>\n\t\t\t\t\t<\/div>\n\t\t<\/article>\n\t\t\t\t<article class=\"elementor-post elementor-grid-item post-3924 post type-post status-publish format-standard has-post-thumbnail hentry category-guia\">\n\t\t\t<div class=\"elementor-post__card\">\n\t\t\t\t<a class=\"elementor-post__thumbnail__link\" href=\"https:\/\/www.mydost.ai\/en\/que-es-la-inteligencia-artificial\/\" ><div class=\"elementor-post__thumbnail\"><img loading=\"lazy\" decoding=\"async\" width=\"768\" height=\"576\" src=\"https:\/\/mydost.typedream.app\/wp-content\/uploads\/2022\/07\/Cover-IA-ebook-1024x768-1-768x576.png\" class=\"attachment-medium_large size-medium_large wp-image-3929\" alt=\"\" srcset=\"https:\/\/mydost.typedream.app\/wp-content\/uploads\/2022\/07\/Cover-IA-ebook-1024x768-1-768x576.png 768w, https:\/\/mydost.typedream.app\/wp-content\/uploads\/2022\/07\/Cover-IA-ebook-1024x768-1-300x225.png 300w, https:\/\/mydost.typedream.app\/wp-content\/uploads\/2022\/07\/Cover-IA-ebook-1024x768-1-16x12.png 16w, https:\/\/mydost.typedream.app\/wp-content\/uploads\/2022\/07\/Cover-IA-ebook-1024x768-1.png 1024w\" sizes=\"auto, (max-width: 768px) 100vw, 768px\" \/><\/div><\/a>\n\t\t\t\t<div class=\"elementor-post__badge\">Guide<\/div>\n\t\t\t\t<div class=\"elementor-post__text\">\n\t\t\t\t<h3 class=\"elementor-post__title\">\n\t\t\t<a href=\"https:\/\/www.mydost.ai\/en\/que-es-la-inteligencia-artificial\/\" >\n\t\t\t\tWhat is artificial intelligence?\t\t\t<\/a>\n\t\t<\/h3>\n\t\t\t\t<div class=\"elementor-post__excerpt\">\n\t\t\t<p>What is Artificial Intelligence? Artificial intelligence, or AI, is the simulation of human intelligence in machines created by machines.<\/p>\n\t\t<\/div>\n\t\t\t\t\t<a class=\"elementor-post__read-more\" href=\"https:\/\/www.mydost.ai\/en\/que-es-la-inteligencia-artificial\/\" >\n\t\t\t\tRead more\t\t\t<\/a>\n\t\t\t\t<\/div>\n\t\t\t\t\t<\/div>\n\t\t<\/article>\n\t\t\t\t<\/div>\n\n\n\t\t\n\t\t\t\t<\/div>\n\t\t\t\t<\/div>\n\t\t\t\t\t<\/div>\n\t\t<\/div>\n\t\t\t\t\t\t\t<\/div>\n\t\t<\/section>\n\t\t\t\t<section class=\"has_eae_slider elementor-section elementor-top-section elementor-element elementor-element-815df00 elementor-section-boxed elementor-section-height-default elementor-section-height-default\" data-id=\"815df00\" data-element_type=\"section\">\n\t\t\t\t\t\t<div class=\"elementor-container elementor-column-gap-default\">\n\t\t\t\t\t<div class=\"has_eae_slider elementor-column elementor-col-100 elementor-top-column elementor-element elementor-element-af1bfb1\" data-id=\"af1bfb1\" data-element_type=\"column\">\n\t\t\t<div class=\"elementor-widget-wrap elementor-element-populated\">\n\t\t\t\t\t\t\t\t<div class=\"elementor-element elementor-element-2c20d6f elementor-widget elementor-widget-spacer\" data-id=\"2c20d6f\" data-element_type=\"widget\" data-widget_type=\"spacer.default\">\n\t\t\t\t<div class=\"elementor-widget-container\">\n\t\t\t\t\t<div class=\"elementor-spacer\">\n\t\t\t<div class=\"elementor-spacer-inner\"><\/div>\n\t\t<\/div>\n\t\t\t\t<\/div>\n\t\t\t\t<\/div>\n\t\t\t\t\t<\/div>\n\t\t<\/div>\n\t\t\t\t\t\t\t<\/div>\n\t\t<\/section>\n\t\t\t\t\t\t\t<\/div>","protected":false},"excerpt":{"rendered":"<p>Guides<\/p>","protected":false},"author":1,"featured_media":0,"parent":4969,"menu_order":0,"comment_status":"closed","ping_status":"closed","template":"","meta":{"content-type":"","footnotes":""},"wf_page_folders":[44],"class_list":["post-3372","page","type-page","status-publish","hentry"],"yoast_head":"<!-- This site is optimized with the Yoast SEO plugin v20.2 - https:\/\/yoast.com\/wordpress\/plugins\/seo\/ -->\n<title>Gu\u00edas - Dost<\/title>\n<meta name=\"description\" content=\"Explora las diferentes aplicaciones de nuestro software y descubre c\u00f3mo podemos potenciar tu negocio a trav\u00e9s de la Inteligencia Artificial.\" \/>\n<meta name=\"robots\" content=\"index, follow, max-snippet:-1, max-image-preview:large, max-video-preview:-1\" \/>\n<link rel=\"canonical\" href=\"https:\/\/www.mydost.ai\/en\/resources\/guides\/\" \/>\n<meta property=\"og:locale\" content=\"en_US\" \/>\n<meta property=\"og:type\" content=\"article\" \/>\n<meta property=\"og:title\" content=\"Gu\u00edas - Dost\" \/>\n<meta property=\"og:description\" content=\"Explora las diferentes aplicaciones de nuestro software y descubre c\u00f3mo podemos potenciar tu negocio a trav\u00e9s de la Inteligencia Artificial.\" \/>\n<meta property=\"og:url\" content=\"https:\/\/www.mydost.ai\/en\/resources\/guides\/\" \/>\n<meta property=\"og:site_name\" content=\"Dost\" \/>\n<meta property=\"article:modified_time\" content=\"2022-09-06T08:21:09+00:00\" \/>\n<meta name=\"twitter:card\" content=\"summary_large_image\" \/>\n<meta name=\"twitter:label1\" content=\"Est. reading time\" \/>\n\t<meta name=\"twitter:data1\" content=\"2 minutes\" \/>\n<script type=\"application\/ld+json\" class=\"yoast-schema-graph\">{\"@context\":\"https:\/\/schema.org\",\"@graph\":[{\"@type\":\"WebPage\",\"@id\":\"https:\/\/www.mydost.ai\/recursos\/guias\/\",\"url\":\"https:\/\/www.mydost.ai\/recursos\/guias\/\",\"name\":\"Gu\u00edas - Dost\",\"isPartOf\":{\"@id\":\"https:\/\/www.mydost.ai\/en\/#website\"},\"datePublished\":\"2022-06-20T09:16:23+00:00\",\"dateModified\":\"2022-09-06T08:21:09+00:00\",\"description\":\"Explora las diferentes aplicaciones de nuestro software y descubre c\u00f3mo podemos potenciar tu negocio a trav\u00e9s de la Inteligencia Artificial.\",\"breadcrumb\":{\"@id\":\"https:\/\/www.mydost.ai\/recursos\/guias\/#breadcrumb\"},\"inLanguage\":\"en-US\",\"potentialAction\":[{\"@type\":\"ReadAction\",\"target\":[\"https:\/\/www.mydost.ai\/recursos\/guias\/\"]}]},{\"@type\":\"BreadcrumbList\",\"@id\":\"https:\/\/www.mydost.ai\/recursos\/guias\/#breadcrumb\",\"itemListElement\":[{\"@type\":\"ListItem\",\"position\":1,\"name\":\"Portada\",\"item\":\"https:\/\/www.mydost.ai\/\"},{\"@type\":\"ListItem\",\"position\":2,\"name\":\"Recursos\",\"item\":\"https:\/\/www.mydost.ai\/en\/resources\/\"},{\"@type\":\"ListItem\",\"position\":3,\"name\":\"Gu\u00edas\"}]},{\"@type\":\"WebSite\",\"@id\":\"https:\/\/www.mydost.ai\/en\/#website\",\"url\":\"https:\/\/www.mydost.ai\/en\/\",\"name\":\"Dost\",\"description\":\"El software para empresas\",\"publisher\":{\"@id\":\"https:\/\/www.mydost.ai\/en\/#organization\"},\"potentialAction\":[{\"@type\":\"SearchAction\",\"target\":{\"@type\":\"EntryPoint\",\"urlTemplate\":\"https:\/\/www.mydost.ai\/en\/?s={search_term_string}\"},\"query-input\":\"required name=search_term_string\"}],\"inLanguage\":\"en-US\"},{\"@type\":\"Organization\",\"@id\":\"https:\/\/www.mydost.ai\/en\/#organization\",\"name\":\"Dost\",\"url\":\"https:\/\/www.mydost.ai\/en\/\",\"logo\":{\"@type\":\"ImageObject\",\"inLanguage\":\"en-US\",\"@id\":\"https:\/\/www.mydost.ai\/en\/#\/schema\/logo\/image\/\",\"url\":\"https:\/\/mydost.typedream.app\/wp-content\/uploads\/2022\/07\/dost_logo_blue-01-1.png\",\"contentUrl\":\"https:\/\/mydost.typedream.app\/wp-content\/uploads\/2022\/07\/dost_logo_blue-01-1.png\",\"width\":1200,\"height\":1200,\"caption\":\"Dost\"},\"image\":{\"@id\":\"https:\/\/www.mydost.ai\/en\/#\/schema\/logo\/image\/\"}}]}<\/script>\n<!-- \/ Yoast SEO plugin. -->","yoast_head_json":{"title":"Gu\u00edas - Dost","description":"Explora las diferentes aplicaciones de nuestro software y descubre c\u00f3mo podemos potenciar tu negocio a trav\u00e9s de la Inteligencia Artificial.","robots":{"index":"index","follow":"follow","max-snippet":"max-snippet:-1","max-image-preview":"max-image-preview:large","max-video-preview":"max-video-preview:-1"},"canonical":"https:\/\/www.mydost.ai\/en\/resources\/guides\/","og_locale":"en_US","og_type":"article","og_title":"Gu\u00edas - Dost","og_description":"Explora las diferentes aplicaciones de nuestro software y descubre c\u00f3mo podemos potenciar tu negocio a trav\u00e9s de la Inteligencia Artificial.","og_url":"https:\/\/www.mydost.ai\/en\/resources\/guides\/","og_site_name":"Dost","article_modified_time":"2022-09-06T08:21:09+00:00","twitter_card":"summary_large_image","twitter_misc":{"Est. reading time":"2 minutes"},"schema":{"@context":"https:\/\/schema.org","@graph":[{"@type":"WebPage","@id":"https:\/\/www.mydost.ai\/recursos\/guias\/","url":"https:\/\/www.mydost.ai\/recursos\/guias\/","name":"Gu\u00edas - Dost","isPartOf":{"@id":"https:\/\/www.mydost.ai\/en\/#website"},"datePublished":"2022-06-20T09:16:23+00:00","dateModified":"2022-09-06T08:21:09+00:00","description":"Explora las diferentes aplicaciones de nuestro software y descubre c\u00f3mo podemos potenciar tu negocio a trav\u00e9s de la Inteligencia Artificial.","breadcrumb":{"@id":"https:\/\/www.mydost.ai\/recursos\/guias\/#breadcrumb"},"inLanguage":"en-US","potentialAction":[{"@type":"ReadAction","target":["https:\/\/www.mydost.ai\/recursos\/guias\/"]}]},{"@type":"BreadcrumbList","@id":"https:\/\/www.mydost.ai\/recursos\/guias\/#breadcrumb","itemListElement":[{"@type":"ListItem","position":1,"name":"Portada","item":"https:\/\/www.mydost.ai\/"},{"@type":"ListItem","position":2,"name":"Recursos","item":"https:\/\/www.mydost.ai\/en\/resources\/"},{"@type":"ListItem","position":3,"name":"Gu\u00edas"}]},{"@type":"WebSite","@id":"https:\/\/www.mydost.ai\/en\/#website","url":"https:\/\/www.mydost.ai\/en\/","name":"Dost","description":"El software para empresas","publisher":{"@id":"https:\/\/www.mydost.ai\/en\/#organization"},"potentialAction":[{"@type":"SearchAction","target":{"@type":"EntryPoint","urlTemplate":"https:\/\/www.mydost.ai\/en\/?s={search_term_string}"},"query-input":"required name=search_term_string"}],"inLanguage":"en-US"},{"@type":"Organization","@id":"https:\/\/www.mydost.ai\/en\/#organization","name":"Dost","url":"https:\/\/www.mydost.ai\/en\/","logo":{"@type":"ImageObject","inLanguage":"en-US","@id":"https:\/\/www.mydost.ai\/en\/#\/schema\/logo\/image\/","url":"https:\/\/mydost.typedream.app\/wp-content\/uploads\/2022\/07\/dost_logo_blue-01-1.png","contentUrl":"https:\/\/mydost.typedream.app\/wp-content\/uploads\/2022\/07\/dost_logo_blue-01-1.png","width":1200,"height":1200,"caption":"Dost"},"image":{"@id":"https:\/\/www.mydost.ai\/en\/#\/schema\/logo\/image\/"}}]}},"_links":{"self":[{"href":"https:\/\/www.mydost.ai\/en\/wp-json\/wp\/v2\/pages\/3372","targetHints":{"allow":["GET"]}}],"collection":[{"href":"https:\/\/www.mydost.ai\/en\/wp-json\/wp\/v2\/pages"}],"about":[{"href":"https:\/\/www.mydost.ai\/en\/wp-json\/wp\/v2\/types\/page"}],"author":[{"embeddable":true,"href":"https:\/\/www.mydost.ai\/en\/wp-json\/wp\/v2\/users\/1"}],"replies":[{"embeddable":true,"href":"https:\/\/www.mydost.ai\/en\/wp-json\/wp\/v2\/comments?post=3372"}],"version-history":[{"count":32,"href":"https:\/\/www.mydost.ai\/en\/wp-json\/wp\/v2\/pages\/3372\/revisions"}],"predecessor-version":[{"id":5394,"href":"https:\/\/www.mydost.ai\/en\/wp-json\/wp\/v2\/pages\/3372\/revisions\/5394"}],"up":[{"embeddable":true,"href":"https:\/\/www.mydost.ai\/en\/wp-json\/wp\/v2\/pages\/4969"}],"wp:attachment":[{"href":"https:\/\/www.mydost.ai\/en\/wp-json\/wp\/v2\/media?parent=3372"}],"wp:term":[{"taxonomy":"wf_page_folders","embeddable":true,"href":"https:\/\/www.mydost.ai\/en\/wp-json\/wp\/v2\/wf_page_folders?post=3372"}],"curies":[{"name":"wp","href":"https:\/\/api.w.org\/{rel}","templated":true}]}}